{"id":3,"date":"2025-11-20T15:10:17","date_gmt":"2025-11-20T15:10:17","guid":{"rendered":"http:\/\/cam-immo.fr\/?page_id=3"},"modified":"2025-11-24T08:21:53","modified_gmt":"2025-11-24T08:21:53","slug":"politiques-de-confidentialite","status":"publish","type":"page","link":"https:\/\/cam-immo.fr\/index.php\/politiques-de-confidentialite\/","title":{"rendered":"Politiques de confidentialit\u00e9"},"content":{"rendered":"\t\t<div data-elementor-type=\"wp-page\" data-elementor-id=\"3\" class=\"elementor elementor-3\">\n\t\t\t\t<div class=\"elementor-element elementor-element-66647b4 e-flex e-con-boxed e-con e-parent\" data-id=\"66647b4\" data-element_type=\"container\">\n\t\t\t\t\t<div class=\"e-con-inner\">\n\t\t\t\t<div class=\"elementor-element elementor-element-37829d6 elementor-widget elementor-widget-heading\" data-id=\"37829d6\" data-element_type=\"widget\" data-widget_type=\"heading.default\">\n\t\t\t\t\t<h1 class=\"elementor-heading-title elementor-size-default\">Politiques de confidentialit\u00e9<\/h1>\t\t\t\t<\/div>\n\t\t\t\t\t<\/div>\n\t\t\t\t<\/div>\n\t\t<div class=\"elementor-element elementor-element-f3fc90d e-flex e-con-boxed e-con e-parent\" data-id=\"f3fc90d\" data-element_type=\"container\">\n\t\t\t\t\t<div class=\"e-con-inner\">\n\t\t\t\t<div class=\"elementor-element elementor-element-9612ee7 elementor-widget elementor-widget-heading\" data-id=\"9612ee7\" data-element_type=\"widget\" data-widget_type=\"heading.default\">\n\t\t\t\t\t<h2 class=\"elementor-heading-title elementor-size-default\">Types de donn\u00e9es collect\u00e9es\n<\/h2>\t\t\t\t<\/div>\n\t\t\t\t<div class=\"elementor-element elementor-element-2e9d2ca elementor-widget elementor-widget-text-editor\" data-id=\"2e9d2ca\" data-element_type=\"widget\" data-widget_type=\"text-editor.default\">\n\t\t\t\t\t\t\t\t\t<p>Nous collectons les types de donn\u00e9es personnelles suivants pour le formulaire de <strong>\u00ab\u00a0contact\u00a0\u00bb<\/strong> :<\/p>\n<ul>\n<li>Donn\u00e9es personnelles : nom, pr\u00e9nom,\u00a0 t\u00e9l\u00e9phone, email, message.<\/li>\n<\/ul>\t\t\t\t\t\t\t\t<\/div>\n\t\t\t\t<div class=\"elementor-element elementor-element-7cf20ee elementor-widget elementor-widget-text-editor\" data-id=\"7cf20ee\" data-element_type=\"widget\" data-widget_type=\"text-editor.default\">\n\t\t\t\t\t\t\t\t\t<p>Nous collectons les types de donn\u00e9es personnelles suivants pour le formulaire de <strong>\u00ab\u00a0estimation de votre bien\u00a0\u00bb<\/strong> :<\/p><ul><li>Caract\u00e9ristiques du bien \u00e0 estimer :<ul><li>Code Postal<\/li><li>Ville<\/li><li>Adresse Postale<\/li><li>Type de bien<\/li><li>Surface Carrez<\/li><li>Nombre de pi\u00e8ces<\/li><li>Nombre de salles de bains,<\/li><li>Etage,<\/li><li>Nombre d\u2019\u00e9tages dans l\u2019immeuble,<\/li><li>Pr\u00e9sence d\u2019un ascenseur, balcon, cave, terrasse,&#8230;\u00a0<\/li><\/ul><\/li><li>Votre profil vendeur :<ul><li>Pr\u00e9nom \/ Nom<\/li><li>Num\u00e9ro de t\u00e9l\u00e9phone<\/li><li>Qualit\u00e9 de Propri\u00e9taire ou non,<\/li><li>R\u00e9sidence principale \/ locative \/secondaire \/ autre<\/li><li>Intention de vendre le bien,<\/li><\/ul><\/li><\/ul>\t\t\t\t\t\t\t\t<\/div>\n\t\t\t\t<div class=\"elementor-element elementor-element-5e55913 elementor-widget elementor-widget-heading\" data-id=\"5e55913\" data-element_type=\"widget\" data-widget_type=\"heading.default\">\n\t\t\t\t\t<h2 class=\"elementor-heading-title elementor-size-default\">M\u00e9thodes de collecte et utilisation<\/h2>\t\t\t\t<\/div>\n\t\t\t\t<div class=\"elementor-element elementor-element-2a6df81 elementor-widget elementor-widget-text-editor\" data-id=\"2a6df81\" data-element_type=\"widget\" data-widget_type=\"text-editor.default\">\n\t\t\t\t\t\t\t\t\t<p>Vos donn\u00e9es personnelles peuvent \u00eatre collect\u00e9es par les moyens suivants :<\/p>\n<ul>\n<li>Formulaires en ligne (demande de contact et estimation de bien)<\/li>\n<li>Cookies lors de la navigation sur notre site.<\/li>\n<\/ul>\n<p>Les donn\u00e9es collect\u00e9es sont utilis\u00e9es pour les finalit\u00e9s suivantes :<\/p>\n<ul>\n<li>Demande de contact<\/li>\n<\/ul>\t\t\t\t\t\t\t\t<\/div>\n\t\t\t\t<div class=\"elementor-element elementor-element-7856b58 elementor-widget elementor-widget-heading\" data-id=\"7856b58\" data-element_type=\"widget\" data-widget_type=\"heading.default\">\n\t\t\t\t\t<h2 class=\"elementor-heading-title elementor-size-default\">Conservation des donn\u00e9es\n<\/h2>\t\t\t\t<\/div>\n\t\t\t\t<div class=\"elementor-element elementor-element-d4b9407 elementor-widget elementor-widget-text-editor\" data-id=\"d4b9407\" data-element_type=\"widget\" data-widget_type=\"text-editor.default\">\n\t\t\t\t\t\t\t\t\t<p>Les donn\u00e9es personnelles sont conserv\u00e9es pendant la dur\u00e9e n\u00e9cessaire \u00e0 la r\u00e9alisation des finalit\u00e9s pour lesquelles elles ont \u00e9t\u00e9 collect\u00e9es, selon les crit\u00e8res suivants :<\/p>\n<ul>\n<li>Dur\u00e9e de la relation entre Camille Blanc et l\u2019entreprise.<\/li>\n<li>Obligations l\u00e9gales de conservation.<\/li>\n<\/ul>\t\t\t\t\t\t\t\t<\/div>\n\t\t\t\t<div class=\"elementor-element elementor-element-ecaa136 elementor-widget elementor-widget-heading\" data-id=\"ecaa136\" data-element_type=\"widget\" data-widget_type=\"heading.default\">\n\t\t\t\t\t<h2 class=\"elementor-heading-title elementor-size-default\">S\u00e9curit\u00e9 des donn\u00e9es\n<\/h2>\t\t\t\t<\/div>\n\t\t\t\t<div class=\"elementor-element elementor-element-3693352 elementor-widget elementor-widget-text-editor\" data-id=\"3693352\" data-element_type=\"widget\" data-widget_type=\"text-editor.default\">\n\t\t\t\t\t\t\t\t\t<p>Nous mettons en place des mesures de s\u00e9curit\u00e9 appropri\u00e9es pour prot\u00e9ger vos donn\u00e9es personnelles contre l\u2019acc\u00e8s non autoris\u00e9, la divulgation, l\u2019alt\u00e9ration ou la destruction.<\/p>\t\t\t\t\t\t\t\t<\/div>\n\t\t\t\t<div class=\"elementor-element elementor-element-5dddc84 elementor-widget elementor-widget-heading\" data-id=\"5dddc84\" data-element_type=\"widget\" data-widget_type=\"heading.default\">\n\t\t\t\t\t<h2 class=\"elementor-heading-title elementor-size-default\">Utilisation des cookies\n<\/h2>\t\t\t\t<\/div>\n\t\t\t\t<div class=\"elementor-element elementor-element-97110cd elementor-widget elementor-widget-text-editor\" data-id=\"97110cd\" data-element_type=\"widget\" data-widget_type=\"text-editor.default\">\n\t\t\t\t\t\t\t\t\t<p>Nous utilisons des cookies pour am\u00e9liorer votre exp\u00e9rience sur notre site. Les types de cookies utilis\u00e9s incluent :<\/p>\n<ul>\n<li><strong>Cookies fonctionnels<\/strong>\u00a0: pour assurer le bon fonctionnement du site.<\/li>\n<li><strong>Cookies analytiques<\/strong>\u00a0: pour collecter des statistiques de visite et am\u00e9liorer nos services.<\/li>\n<\/ul>\n<p>\u00a0<\/p>\n<p>Vous pouvez g\u00e9rer vos pr\u00e9f\u00e9rences en mati\u00e8re de cookies via les param\u00e8tres de votre navigateur.<\/p>\t\t\t\t\t\t\t\t<\/div>\n\t\t\t\t<div class=\"elementor-element elementor-element-811d7f0 elementor-widget elementor-widget-heading\" data-id=\"811d7f0\" data-element_type=\"widget\" data-widget_type=\"heading.default\">\n\t\t\t\t\t<h2 class=\"elementor-heading-title elementor-size-default\">Modification de la politique<\/h2>\t\t\t\t<\/div>\n\t\t\t\t<div class=\"elementor-element elementor-element-7af9f1d elementor-widget elementor-widget-text-editor\" data-id=\"7af9f1d\" data-element_type=\"widget\" data-widget_type=\"text-editor.default\">\n\t\t\t\t\t\t\t\t\t<p>Nous nous r\u00e9servons le droit de modifier cette politique de confidentialit\u00e9 \u00e0 tout moment. Les modifications seront publi\u00e9es sur cette page. Nous vous encourageons \u00e0 consulter r\u00e9guli\u00e8rement cette politique pour rester inform\u00e9 des mises \u00e0 jour.<\/p>\t\t\t\t\t\t\t\t<\/div>\n\t\t\t\t<div class=\"elementor-element elementor-element-06a869f elementor-widget elementor-widget-heading\" data-id=\"06a869f\" data-element_type=\"widget\" data-widget_type=\"heading.default\">\n\t\t\t\t\t<h2 class=\"elementor-heading-title elementor-size-default\">Contact<\/h2>\t\t\t\t<\/div>\n\t\t\t\t<div class=\"elementor-element elementor-element-a055410 elementor-widget elementor-widget-text-editor\" data-id=\"a055410\" data-element_type=\"widget\" data-widget_type=\"text-editor.default\">\n\t\t\t\t\t\t\t\t\t<p>Pour toute question ou demande d\u2019information, veuillez nous contacter par e-mail \u00e0 <a href=\"mailto:camille.blanc@iadfrance.fr\"><span class=\"elementor-icon-list-text\">camille.blanc@iadfrance.fr <\/span><\/a>ou par t\u00e9l\u00e9phone au 06 51 01 03 32<\/p>\t\t\t\t\t\t\t\t<\/div>\n\t\t\t\t\t<\/div>\n\t\t\t\t<\/div>\n\t\t\t\t<\/div>\n\t\t","protected":false},"excerpt":{"rendered":"<p>Politiques de confidentialit\u00e9 Types de donn\u00e9es collect\u00e9es Nous collectons les types de donn\u00e9es personnelles suivants pour le formulaire de \u00ab\u00a0contact\u00a0\u00bb : Donn\u00e9es personnelles : nom, pr\u00e9nom,\u00a0 t\u00e9l\u00e9phone, email, message. Nous collectons les types de donn\u00e9es personnelles suivants pour le formulaire de \u00ab\u00a0estimation de votre bien\u00a0\u00bb : Caract\u00e9ristiques du bien \u00e0 estimer : Code Postal Ville [&hellip;]<\/p>\n","protected":false},"author":1,"featured_media":0,"parent":0,"menu_order":0,"comment_status":"closed","ping_status":"open","template":"elementor_header_footer","meta":{"footnotes":""},"class_list":["post-3","page","type-page","status-publish","hentry"],"_links":{"self":[{"href":"https:\/\/cam-immo.fr\/index.php\/wp-json\/wp\/v2\/pages\/3","targetHints":{"allow":["GET"]}}],"collection":[{"href":"https:\/\/cam-immo.fr\/index.php\/wp-json\/wp\/v2\/pages"}],"about":[{"href":"https:\/\/cam-immo.fr\/index.php\/wp-json\/wp\/v2\/types\/page"}],"author":[{"embeddable":true,"href":"https:\/\/cam-immo.fr\/index.php\/wp-json\/wp\/v2\/users\/1"}],"replies":[{"embeddable":true,"href":"https:\/\/cam-immo.fr\/index.php\/wp-json\/wp\/v2\/comments?post=3"}],"version-history":[{"count":19,"href":"https:\/\/cam-immo.fr\/index.php\/wp-json\/wp\/v2\/pages\/3\/revisions"}],"predecessor-version":[{"id":378,"href":"https:\/\/cam-immo.fr\/index.php\/wp-json\/wp\/v2\/pages\/3\/revisions\/378"}],"wp:attachment":[{"href":"https:\/\/cam-immo.fr\/index.php\/wp-json\/wp\/v2\/media?parent=3"}],"curies":[{"name":"wp","href":"https:\/\/api.w.org\/{rel}","templated":true}]}}