{"id":369,"date":"2025-11-24T08:20:11","date_gmt":"2025-11-24T08:20:11","guid":{"rendered":"https:\/\/cam-immo.fr\/?page_id=369"},"modified":"2025-11-24T08:27:19","modified_gmt":"2025-11-24T08:27:19","slug":"mentions-legales","status":"publish","type":"page","link":"https:\/\/cam-immo.fr\/index.php\/mentions-legales\/","title":{"rendered":"Mentions l\u00e9gales"},"content":{"rendered":"\t\t<div data-elementor-type=\"wp-page\" data-elementor-id=\"369\" class=\"elementor elementor-369\">\n\t\t\t\t<div class=\"elementor-element elementor-element-085a7fd e-flex e-con-boxed e-con e-parent\" data-id=\"085a7fd\" data-element_type=\"container\">\n\t\t\t\t\t<div class=\"e-con-inner\">\n\t\t\t\t<div class=\"elementor-element elementor-element-50dd3aa elementor-widget elementor-widget-heading\" data-id=\"50dd3aa\" data-element_type=\"widget\" data-widget_type=\"heading.default\">\n\t\t\t\t\t<h1 class=\"elementor-heading-title elementor-size-default\">Mentions l\u00e9gales<\/h1>\t\t\t\t<\/div>\n\t\t\t\t\t<\/div>\n\t\t\t\t<\/div>\n\t\t<div class=\"elementor-element elementor-element-7376e9a e-flex e-con-boxed e-con e-parent\" data-id=\"7376e9a\" data-element_type=\"container\">\n\t\t\t\t\t<div class=\"e-con-inner\">\n\t\t\t\t<div class=\"elementor-element elementor-element-2e5a2b7 elementor-widget elementor-widget-heading\" data-id=\"2e5a2b7\" data-element_type=\"widget\" data-widget_type=\"heading.default\">\n\t\t\t\t\t<h2 class=\"elementor-heading-title elementor-size-default\">1. Informations g\u00e9n\u00e9rales<\/h2>\t\t\t\t<\/div>\n\t\t\t\t<div class=\"elementor-element elementor-element-c0eeff2 elementor-widget elementor-widget-text-editor\" data-id=\"c0eeff2\" data-element_type=\"widget\" data-widget_type=\"text-editor.default\">\n\t\t\t\t\t\t\t\t\t<p data-start=\"221\" data-end=\"366\"><strong data-start=\"221\" data-end=\"238\">Nom du site :<\/strong> Cam-Immo<br data-start=\"247\" data-end=\"250\" \/><strong data-start=\"250\" data-end=\"263\">Adresse :<\/strong> 13012 Marseille<br data-start=\"279\" data-end=\"282\" \/><strong data-start=\"282\" data-end=\"297\">T\u00e9l\u00e9phone :<\/strong> 06 51 01 03 32<br data-start=\"312\" data-end=\"315\" \/><strong data-start=\"315\" data-end=\"337\">Email de contact :<\/strong> <a class=\"decorated-link cursor-pointer\" rel=\"noopener\" data-start=\"338\" data-end=\"364\">camille.blanc@iadfrance.fr<\/a><\/p><p data-start=\"368\" data-end=\"468\"><strong data-start=\"368\" data-end=\"402\">Directrice de la publication :<\/strong> Camille Blanc<br data-start=\"416\" data-end=\"419\" \/><strong data-start=\"419\" data-end=\"452\">Responsable de la r\u00e9daction :<\/strong> Camille Blanc<\/p><p data-start=\"470\" data-end=\"546\"><strong data-start=\"470\" data-end=\"501\">D\u00e9veloppement &amp; Webmaster :<\/strong><br data-start=\"501\" data-end=\"504\" \/>C\u00e9line Valen\u00e7ot EI \u2013 <a href=\"https:\/\/celinevalencot.fr\/\" target=\"_blank\" rel=\"noopener\">COME Studio Digital<\/a><\/p>\t\t\t\t\t\t\t\t<\/div>\n\t\t\t\t<div class=\"elementor-element elementor-element-a72cf43 elementor-widget elementor-widget-heading\" data-id=\"a72cf43\" data-element_type=\"widget\" data-widget_type=\"heading.default\">\n\t\t\t\t\t<h2 class=\"elementor-heading-title elementor-size-default\">2. Statut professionnel<\/h2>\t\t\t\t<\/div>\n\t\t\t\t<div class=\"elementor-element elementor-element-14ce78e elementor-widget elementor-widget-text-editor\" data-id=\"14ce78e\" data-element_type=\"widget\" data-widget_type=\"text-editor.default\">\n\t\t\t\t\t\t\t\t\t<p data-start=\"580\" data-end=\"687\">Camille Blanc exerce en tant que <strong data-start=\"613\" data-end=\"651\">mandataire immobilier ind\u00e9pendante<\/strong>, affili\u00e9e au r\u00e9seau <strong data-start=\"672\" data-end=\"686\">IAD France<\/strong>.<br \/><br \/><strong>Camille BLANC<\/strong><br \/>Conseiller immobilier :<br \/>agent commercial EI <br \/>RSAC de Marseille n\u00b0 902102748<\/p><p data-start=\"689\" data-end=\"988\"><strong>IAD France<\/strong> \u2013 SAS au capital de 100 000 \u20ac<br data-start=\"729\" data-end=\"732\" \/>Si\u00e8ge social : 2 Boulevard de l&rsquo;Oise \u2013 95031 Cergy-Pontoise Cedex<\/p>\t\t\t\t\t\t\t\t<\/div>\n\t\t\t\t<div class=\"elementor-element elementor-element-823bc06 elementor-widget elementor-widget-heading\" data-id=\"823bc06\" data-element_type=\"widget\" data-widget_type=\"heading.default\">\n\t\t\t\t\t<h2 class=\"elementor-heading-title elementor-size-default\">3. H\u00e9bergement du site<\/h2>\t\t\t\t<\/div>\n\t\t\t\t<div class=\"elementor-element elementor-element-3b12295 elementor-widget elementor-widget-text-editor\" data-id=\"3b12295\" data-element_type=\"widget\" data-widget_type=\"text-editor.default\">\n\t\t\t\t\t\t\t\t\t<p><strong data-start=\"1021\" data-end=\"1040\">H\u00e9bergeur : OVH<\/strong><br data-start=\"1040\" data-end=\"1043\" \/>SAS au capital de 10 069 020 \u20ac<br data-start=\"1073\" data-end=\"1076\" \/>Si\u00e8ge social : 2 rue Kellermann \u2013 59100 Roubaix \u2013 France<br data-start=\"1132\" data-end=\"1135\" \/>T\u00e9l\u00e9phone : 08 203 203 63<br data-start=\"1160\" data-end=\"1163\" \/>Site : <a class=\"decorated-link cursor-pointer\" target=\"_new\" rel=\"noopener\" data-start=\"1170\" data-end=\"1181\">www.ovh.com<\/a><\/p>\t\t\t\t\t\t\t\t<\/div>\n\t\t\t\t<div class=\"elementor-element elementor-element-5240d7d elementor-widget elementor-widget-heading\" data-id=\"5240d7d\" data-element_type=\"widget\" data-widget_type=\"heading.default\">\n\t\t\t\t\t<h2 class=\"elementor-heading-title elementor-size-default\">4. Propri\u00e9t\u00e9 intellectuelle<\/h2>\t\t\t\t<\/div>\n\t\t\t\t<div class=\"elementor-element elementor-element-6911e40 elementor-widget elementor-widget-text-editor\" data-id=\"6911e40\" data-element_type=\"widget\" data-widget_type=\"text-editor.default\">\n\t\t\t\t\t\t\t\t\t<p data-start=\"1221\" data-end=\"1435\">L\u2019ensemble du contenu pr\u00e9sent sur le site Cam-Immo (textes, images, graphismes, logos, vid\u00e9os, ic\u00f4nes, structure du site, etc.) est prot\u00e9g\u00e9 par le droit d\u2019auteur et les lois relatives \u00e0 la propri\u00e9t\u00e9 intellectuelle.<\/p><p data-start=\"1437\" data-end=\"1637\">Toute reproduction, repr\u00e9sentation, modification, publication, adaptation de tout ou partie des \u00e9l\u00e9ments du site est interdite, sauf autorisation \u00e9crite pr\u00e9alable de Camille Blanc ou des ayants droit.<\/p><p data-start=\"1639\" data-end=\"1804\">Toute utilisation non autoris\u00e9e peut engager la responsabilit\u00e9 de l\u2019utilisateur conform\u00e9ment aux articles L.335-2 et suivants du Code de la propri\u00e9t\u00e9 intellectuelle.<\/p>\t\t\t\t\t\t\t\t<\/div>\n\t\t\t\t<div class=\"elementor-element elementor-element-fb8f478 elementor-widget elementor-widget-heading\" data-id=\"fb8f478\" data-element_type=\"widget\" data-widget_type=\"heading.default\">\n\t\t\t\t\t<h2 class=\"elementor-heading-title elementor-size-default\">5. Donn\u00e9es personnelles<\/h2>\t\t\t\t<\/div>\n\t\t\t\t<div class=\"elementor-element elementor-element-6dfd79f elementor-widget elementor-widget-text-editor\" data-id=\"6dfd79f\" data-element_type=\"widget\" data-widget_type=\"text-editor.default\">\n\t\t\t\t\t\t\t\t\t<p data-start=\"1838\" data-end=\"2040\">Les informations collect\u00e9es via les formulaires ou via le contact email sont destin\u00e9es exclusivement \u00e0 Camille Blanc dans le cadre de la gestion des demandes d\u2019estimation, de contact ou de suivi client.<\/p><p data-start=\"2042\" data-end=\"2261\">Conform\u00e9ment au R\u00e8glement G\u00e9n\u00e9ral sur la Protection des Donn\u00e9es (RGPD) et \u00e0 la loi \u00ab Informatique et Libert\u00e9s \u00bb, vous disposez d\u2019un droit d\u2019acc\u00e8s, de rectification, de suppression et d\u2019opposition concernant vos donn\u00e9es.<\/p><p data-start=\"2263\" data-end=\"2322\">Pour toute demande :<br data-start=\"2283\" data-end=\"2286\" \/>Email : <a class=\"decorated-link cursor-pointer\" href=\"mailto:camille.blanc@iadfrance.fr\" rel=\"noopener\" data-start=\"2294\" data-end=\"2320\">camille.blanc@iadfrance.fr<\/a><\/p><p data-start=\"2324\" data-end=\"2384\">Aucune donn\u00e9e n\u2019est transmise \u00e0 des tiers<\/p>\t\t\t\t\t\t\t\t<\/div>\n\t\t\t\t<div class=\"elementor-element elementor-element-7569b7c elementor-widget elementor-widget-heading\" data-id=\"7569b7c\" data-element_type=\"widget\" data-widget_type=\"heading.default\">\n\t\t\t\t\t<h2 class=\"elementor-heading-title elementor-size-default\">6. Cookies<\/h2>\t\t\t\t<\/div>\n\t\t\t\t<div class=\"elementor-element elementor-element-60dc3ef elementor-widget elementor-widget-text-editor\" data-id=\"60dc3ef\" data-element_type=\"widget\" data-widget_type=\"text-editor.default\">\n\t\t\t\t\t\t\t\t\t<p data-start=\"2405\" data-end=\"2453\">Le site peut utiliser des cookies destin\u00e9s \u00e0 :<\/p><ul data-start=\"2454\" data-end=\"2544\"><li data-start=\"2454\" data-end=\"2482\"><p data-start=\"2456\" data-end=\"2482\">faciliter la navigation,<\/p><\/li><li data-start=\"2483\" data-end=\"2506\"><p data-start=\"2485\" data-end=\"2506\">mesurer l\u2019audience,<\/p><\/li><li data-start=\"2507\" data-end=\"2544\"><p data-start=\"2509\" data-end=\"2544\">am\u00e9liorer l\u2019exp\u00e9rience utilisateur.<\/p><\/li><\/ul><p data-start=\"2546\" data-end=\"2702\">L\u2019utilisateur peut configurer son navigateur pour refuser les cookies. Le refus d\u2019installation peut entra\u00eener l\u2019impossibilit\u00e9 d\u2019acc\u00e9der \u00e0 certains services.<\/p>\t\t\t\t\t\t\t\t<\/div>\n\t\t\t\t<div class=\"elementor-element elementor-element-2b0d5f3 elementor-widget elementor-widget-heading\" data-id=\"2b0d5f3\" data-element_type=\"widget\" data-widget_type=\"heading.default\">\n\t\t\t\t\t<h2 class=\"elementor-heading-title elementor-size-default\">7. Responsabilit\u00e9<\/h2>\t\t\t\t<\/div>\n\t\t\t\t<div class=\"elementor-element elementor-element-133aa88 elementor-widget elementor-widget-text-editor\" data-id=\"133aa88\" data-element_type=\"widget\" data-widget_type=\"text-editor.default\">\n\t\t\t\t\t\t\t\t\t<p data-start=\"2730\" data-end=\"2925\">Cam-Immo s\u2019efforce de fournir des informations exactes et \u00e0 jour. Cependant, des erreurs ou omissions peuvent survenir. L\u2019utilisateur est invit\u00e9 \u00e0 v\u00e9rifier l\u2019exactitude des informations fournies.<\/p><p data-start=\"2927\" data-end=\"2978\">Cam-Immo ne saurait \u00eatre tenue pour responsable :<\/p><ul data-start=\"2979\" data-end=\"3113\"><li data-start=\"2979\" data-end=\"3005\"><p data-start=\"2981\" data-end=\"3005\">d\u2019\u00e9ventuelles erreurs,<\/p><\/li><li data-start=\"3006\" data-end=\"3047\"><p data-start=\"3008\" data-end=\"3047\">d\u2019un manque de disponibilit\u00e9 du site,<\/p><\/li><li data-start=\"3048\" data-end=\"3113\"><p data-start=\"3050\" data-end=\"3113\">de virus ou de tout dommage r\u00e9sultant de l&rsquo;utilisation du site.<\/p><\/li><\/ul>\t\t\t\t\t\t\t\t<\/div>\n\t\t\t\t<div class=\"elementor-element elementor-element-36263f0 elementor-widget elementor-widget-heading\" data-id=\"36263f0\" data-element_type=\"widget\" data-widget_type=\"heading.default\">\n\t\t\t\t\t<h2 class=\"elementor-heading-title elementor-size-default\">8. Liens externes<\/h2>\t\t\t\t<\/div>\n\t\t\t\t<div class=\"elementor-element elementor-element-8c695e9 elementor-widget elementor-widget-text-editor\" data-id=\"8c695e9\" data-element_type=\"widget\" data-widget_type=\"text-editor.default\">\n\t\t\t\t\t\t\t\t\t<p data-start=\"2730\" data-end=\"2925\">Le site peut contenir des liens vers d\u2019autres sites. Cam-Immo n\u2019exerce aucun contr\u00f4le sur ces sites et d\u00e9cline toute responsabilit\u00e9 quant \u00e0 leur contenu.<\/p>\t\t\t\t\t\t\t\t<\/div>\n\t\t\t\t<div class=\"elementor-element elementor-element-88ac073 elementor-widget elementor-widget-heading\" data-id=\"88ac073\" data-element_type=\"widget\" data-widget_type=\"heading.default\">\n\t\t\t\t\t<h2 class=\"elementor-heading-title elementor-size-default\">9. Droit applicable<\/h2>\t\t\t\t<\/div>\n\t\t\t\t<div class=\"elementor-element elementor-element-4efb014 elementor-widget elementor-widget-text-editor\" data-id=\"4efb014\" data-element_type=\"widget\" data-widget_type=\"text-editor.default\">\n\t\t\t\t\t\t\t\t\t<p>Les pr\u00e9sentes mentions l\u00e9gales sont r\u00e9gies par le droit fran\u00e7ais.<br data-start=\"3389\" data-end=\"3392\" \/>En cas de litige, et \u00e0 d\u00e9faut de r\u00e9solution amiable, les tribunaux fran\u00e7ais seront seuls comp\u00e9tents.<\/p>\t\t\t\t\t\t\t\t<\/div>\n\t\t\t\t\t<\/div>\n\t\t\t\t<\/div>\n\t\t\t\t<\/div>\n\t\t","protected":false},"excerpt":{"rendered":"<p>Mentions l\u00e9gales 1. Informations g\u00e9n\u00e9rales Nom du site : Cam-ImmoAdresse : 13012 MarseilleT\u00e9l\u00e9phone : 06 51 01 03 32Email de contact : camille.blanc@iadfrance.fr Directrice de la publication : Camille BlancResponsable de la r\u00e9daction : Camille Blanc D\u00e9veloppement &amp; Webmaster :C\u00e9line Valen\u00e7ot EI \u2013 COME Studio Digital 2. Statut professionnel Camille Blanc exerce en tant que [&hellip;]<\/p>\n","protected":false},"author":1,"featured_media":0,"parent":0,"menu_order":0,"comment_status":"closed","ping_status":"closed","template":"elementor_header_footer","meta":{"footnotes":""},"class_list":["post-369","page","type-page","status-publish","hentry"],"_links":{"self":[{"href":"https:\/\/cam-immo.fr\/index.php\/wp-json\/wp\/v2\/pages\/369","targetHints":{"allow":["GET"]}}],"collection":[{"href":"https:\/\/cam-immo.fr\/index.php\/wp-json\/wp\/v2\/pages"}],"about":[{"href":"https:\/\/cam-immo.fr\/index.php\/wp-json\/wp\/v2\/types\/page"}],"author":[{"embeddable":true,"href":"https:\/\/cam-immo.fr\/index.php\/wp-json\/wp\/v2\/users\/1"}],"replies":[{"embeddable":true,"href":"https:\/\/cam-immo.fr\/index.php\/wp-json\/wp\/v2\/comments?post=369"}],"version-history":[{"count":13,"href":"https:\/\/cam-immo.fr\/index.php\/wp-json\/wp\/v2\/pages\/369\/revisions"}],"predecessor-version":[{"id":393,"href":"https:\/\/cam-immo.fr\/index.php\/wp-json\/wp\/v2\/pages\/369\/revisions\/393"}],"wp:attachment":[{"href":"https:\/\/cam-immo.fr\/index.php\/wp-json\/wp\/v2\/media?parent=369"}],"curies":[{"name":"wp","href":"https:\/\/api.w.org\/{rel}","templated":true}]}}